{"id":7,"date":"2015-12-14T04:10:10","date_gmt":"2015-12-14T04:10:10","guid":{"rendered":"http:\/\/theme-fusion.com\/avada\/medical\/?page_id=7"},"modified":"2026-03-10T14:38:51","modified_gmt":"2026-03-10T14:38:51","slug":"ueber-uns","status":"publish","type":"page","link":"http:\/\/www.physiovitalamzoo.de\/?page_id=7","title":{"rendered":"\u00dcber uns"},"content":{"rendered":"<p><div class=\"fusion-fullwidth fullwidth-box fusion-builder-row-1 nonhundred-percent-fullwidth non-hundred-percent-height-scrolling\" style=\"background-color: #f7f7f7;background-position: center center;background-repeat: no-repeat;padding-top:0px;padding-right:0px;padding-bottom:0px;padding-left:0px;margin-bottom: 0px;margin-top: 0px;border-width: 0px 0px 0px 0px;border-color:#eae9e9;border-style:solid;\" ><div class=\"fusion-builder-row fusion-row\"><div class=\"fusion-layout-column fusion_builder_column fusion-builder-column-0 fusion_builder_column_1_1 1_1 fusion-one-full fusion-column-first fusion-column-last\" style=\"margin-top:0px;margin-bottom:30px;\"><div class=\"fusion-column-wrapper fusion-flex-column-wrapper-legacy\" style=\"background-position:left top;background-blend-mode: overlay;background-repeat:no-repeat;-webkit-background-size:cover;-moz-background-size:cover;-o-background-size:cover;background-size:cover;padding: 0px 0px 0px 0px;\"><div class=\"fusion-sep-clear\"><\/div><div class=\"fusion-separator fusion-full-width-sep\" style=\"margin-left: auto;margin-right: auto;margin-top:30px;margin-bottom:30px;width:100%;\"><\/div><div class=\"fusion-sep-clear\"><\/div><div class=\"fusion-clearfix\"><\/div><\/div><\/div><\/div><\/div><div class=\"fusion-fullwidth fullwidth-box fusion-builder-row-2 nonhundred-percent-fullwidth non-hundred-percent-height-scrolling fusion-equal-height-columns\" style=\"background-color: #f7f7f7;background-position: left center;background-repeat: no-repeat;padding-top:100px;padding-right:0px;padding-bottom:100px;padding-left:0px;margin-bottom: 0px;margin-top: 0px;border-width: 0px 0px 0px 0px;border-color:#eae9e9;border-style:solid;\" ><div class=\"fusion-builder-row fusion-row\"><div class=\"fusion-layout-column fusion_builder_column fusion-builder-column-1 fusion_builder_column_1_3 1_3 fusion-one-third fusion-column-first\" style=\"width:30.6666%; margin-right: 4%;margin-top:0px;margin-bottom:30px;\"><div class=\"fusion-column-wrapper fusion-flex-column-wrapper-legacy\" style=\"background-position:left top;background-blend-mode: overlay;background-repeat:no-repeat;-webkit-background-size:cover;-moz-background-size:cover;-o-background-size:cover;background-size:cover;padding: 0px 0px 0px 0px;\"><span class=\" fusion-imageframe imageframe-dropshadow imageframe-1 hover-type-none\" style=\"-webkit-box-shadow: 8px 8px 12px rgba(0,0,0,0.3);box-shadow: 8px 8px 12px rgba(0,0,0,0.3);\"><img decoding=\"async\" width=\"225\" height=\"300\" title=\"IMG_0608\" src=\"http:\/\/www.physiovitalamzoo.de\/wp-content\/uploads\/2019\/10\/IMG_0608-225x300.jpg\" alt class=\"img-responsive wp-image-1397\" srcset=\"http:\/\/www.physiovitalamzoo.de\/wp-content\/uploads\/2019\/10\/IMG_0608-200x267.jpg 200w, http:\/\/www.physiovitalamzoo.de\/wp-content\/uploads\/2019\/10\/IMG_0608-400x533.jpg 400w, http:\/\/www.physiovitalamzoo.de\/wp-content\/uploads\/2019\/10\/IMG_0608-600x800.jpg 600w, http:\/\/www.physiovitalamzoo.de\/wp-content\/uploads\/2019\/10\/IMG_0608-800x1067.jpg 800w, http:\/\/www.physiovitalamzoo.de\/wp-content\/uploads\/2019\/10\/IMG_0608-1200x1600.jpg 1200w\" sizes=\"(max-width: 800px) 100vw, 400px\" \/><\/span><div class=\"fusion-clearfix\"><\/div><\/div><\/div><div class=\"fusion-layout-column fusion_builder_column fusion-builder-column-2 fusion_builder_column_2_3 2_3 fusion-two-third fusion-column-last\" style=\"width:65.3333%;margin-top:0px;margin-bottom:30px;\"><div class=\"fusion-column-wrapper fusion-flex-column-wrapper-legacy\" style=\"background-position:left top;background-blend-mode: overlay;background-repeat:no-repeat;-webkit-background-size:cover;-moz-background-size:cover;-o-background-size:cover;background-size:cover;background-color:rgba(255,255,255,0.7);padding: 40px 40px 40px 40px;\"><div class=\"fusion-text fusion-text-1\"><h3>Matze \u2013 Mathias Haide (Inhaber)<\/h3>\n<p>Geboren 1972 in Langenau bei Ulm. Seit 2001 in Wuppertal, verheiratet, zwei S\u00f6hne.<\/p>\n<p>Seit 1994 ist es meine Berufung, Menschen zu helfen, ihr k\u00f6rperliches Gleichgewicht wieder zu erlangen oder unter Umst\u00e4nden auch ganz neu zu entdecken.<br \/>\nMein Berufsweg begann mit der Ausbildung vom Masseur bis hin zum Physiotherapeuten, der Qualifizierung zum Sportphysiotherapeuten und zum Therapeuten f\u00fcr Manuelle Therapie. Seit 2019 habe ich die Zusatzqualifikation Osteopathie f\u00fcr Physiotherapeuten (ZOP) mit 1000 Unterrichtseinheiten &#8211; gem\u00e4\u00df dem gemeinsamen Curriculum Ostepathie des IFK und der \u00c4MM &#8211; absolviert.<br \/>\nDie Vertiefung und Erweiterung meines Wissens und das Entdecken und Umsetzen neuer Behandlungsmethoden und Techniken zum Wohle des Patienten begleiten mich seitdem ich Therapeut bin. Ob Ihre Therapie unfall-, krankheits-, verletzungsbedingt oder zur Pr\u00e4vention verordnet wird oder Sie zur Vorbeugung meine Praxis aufsuchen:<br \/>\nIhre Vitalit\u00e4t steht in meinem\/unserem Mittelpunkt.<\/p>\n<\/div><div class=\"fusion-clearfix\"><\/div><\/div><\/div><\/div><\/div><div class=\"fusion-fullwidth fullwidth-box fusion-builder-row-3 hundred-percent-fullwidth non-hundred-percent-height-scrolling fusion-equal-height-columns fusion-no-large-visibility\" style=\"background-color: rgba(255,255,255,0);background-position: left top;background-repeat: no-repeat;padding-top:0px;padding-right:0px;padding-bottom:0px;padding-left:0px;margin-bottom: 0px;margin-top: 0px;border-width: 0px 0px 0px 0px;border-color:#eae9e9;border-style:solid;\" ><div class=\"fusion-builder-row fusion-row\"><\/div><\/div><\/p>\n","protected":false},"excerpt":{"rendered":"","protected":false},"author":1,"featured_media":0,"parent":0,"menu_order":0,"comment_status":"closed","ping_status":"closed","template":"100-width.php","meta":{"footnotes":""},"_links":{"self":[{"href":"http:\/\/www.physiovitalamzoo.de\/index.php?rest_route=\/wp\/v2\/pages\/7"}],"collection":[{"href":"http:\/\/www.physiovitalamzoo.de\/index.php?rest_route=\/wp\/v2\/pages"}],"about":[{"href":"http:\/\/www.physiovitalamzoo.de\/index.php?rest_route=\/wp\/v2\/types\/page"}],"author":[{"embeddable":true,"href":"http:\/\/www.physiovitalamzoo.de\/index.php?rest_route=\/wp\/v2\/users\/1"}],"replies":[{"embeddable":true,"href":"http:\/\/www.physiovitalamzoo.de\/index.php?rest_route=%2Fwp%2Fv2%2Fcomments&post=7"}],"version-history":[{"count":86,"href":"http:\/\/www.physiovitalamzoo.de\/index.php?rest_route=\/wp\/v2\/pages\/7\/revisions"}],"predecessor-version":[{"id":1754,"href":"http:\/\/www.physiovitalamzoo.de\/index.php?rest_route=\/wp\/v2\/pages\/7\/revisions\/1754"}],"wp:attachment":[{"href":"http:\/\/www.physiovitalamzoo.de\/index.php?rest_route=%2Fwp%2Fv2%2Fmedia&parent=7"}],"curies":[{"name":"wp","href":"https:\/\/api.w.org\/{rel}","templated":true}]}}