{"id":1177,"date":"2025-10-26T12:49:29","date_gmt":"2025-10-26T12:49:29","guid":{"rendered":"http:\/\/www.physiovitalamzoo.de\/?page_id=1177"},"modified":"2025-10-27T10:21:05","modified_gmt":"2025-10-27T10:21:05","slug":"manuelle-lymphdrainage","status":"publish","type":"page","link":"http:\/\/www.physiovitalamzoo.de\/?page_id=1177","title":{"rendered":"Manuelle Lymphdrainage"},"content":{"rendered":"<div class=\"fusion-fullwidth fullwidth-box fusion-builder-row-1 nonhundred-percent-fullwidth non-hundred-percent-height-scrolling\" style=\"background-color: rgba(255,255,255,0);background-position: center center;background-repeat: no-repeat;padding-top:40px;padding-right:0px;padding-bottom:40px;padding-left:0px;margin-bottom: 0px;margin-top: 0px;border-width: 0px 0px 0px 0px;border-color:#eae9e9;border-style:solid;\" ><div class=\"fusion-builder-row fusion-row\"><div class=\"fusion-layout-column fusion_builder_column fusion-builder-column-0 fusion_builder_column_2_3 2_3 fusion-two-third fusion-column-first\" style=\"width:66.666666666667%;width:calc(66.666666666667% - ( ( 4% ) * 0.66666666666667 ) );margin-right: 4%;margin-top:0px;margin-bottom:30px;\"><div class=\"fusion-column-wrapper fusion-flex-column-wrapper-legacy\" style=\"background-position:left top;background-repeat:no-repeat;-webkit-background-size:cover;-moz-background-size:cover;-o-background-size:cover;background-size:cover;background-color:#ffffff;padding: 40px 40px 40px 40px;\"><div class=\"fusion-text fusion-text-1\"><p>Die manuelle Lymphdrainage ist eine Entstauungstherapie. Ihre Anwendungsgebiete sind breit gef\u00e4chert. Sie dient vor allem als \u00d6dem- und Entstauungstherapie \u00f6demat\u00f6ser K\u00f6rperregionen, wie K\u00f6rperstamm und Extremit\u00e4ten (Arme und Beine), die nach Traumata oder Operationen entstehen k\u00f6nnen. Besonders h\u00e4ufig wird diese Therapie nach Operationen oder einer Tumorbehandlung bzw. Lymphknotenentfernung verschrieben.<\/p>\n<\/div><div class=\"fusion-clearfix\"><\/div><\/div><\/div><div class=\"fusion-layout-column fusion_builder_column fusion-builder-column-1 fusion_builder_column_1_3 1_3 fusion-one-third fusion-column-last fusion-column-no-min-height\" style=\"width:33.333333333333%;width:calc(33.333333333333% - ( ( 4% ) * 0.33333333333333 ) );margin-top:0px;margin-bottom:30px;\"><div class=\"fusion-column-wrapper fusion-flex-column-wrapper-legacy\" style=\"background-position:left top;background-repeat:no-repeat;-webkit-background-size:cover;-moz-background-size:cover;-o-background-size:cover;background-size:cover;background-color:#ffffff;border-width: 0 0 0 0;border-color:#dddddd;border-style:solid;padding: 30px 30px 30px 30px;\"><div class=\"fusion-text fusion-text-2\"><h4 style=\"font-weight: 400; text-align: left;\"><i class=\"fa fa-clock-o\"><\/i> \u00a0\u00a0\u00d6FFNUNGSZEITEN<\/h4>\n<\/div><div class=\"fusion-sep-clear\"><\/div><div class=\"fusion-separator fusion-full-width-sep\" style=\"margin-left: auto;margin-right: auto;margin-top:0px;margin-bottom:30px;width:100%;max-width:100%;\"><div class=\"fusion-separator-border sep-single sep-solid\" style=\"border-color:#78af28;border-top-width:2px;\"><\/div><\/div><div class=\"fusion-sep-clear\"><\/div><div class=\"fusion-text fusion-text-3\"><h4 style=\"font-weight: 400; text-align: left;\">\u00a0\u00a0PRAXIS<\/h4>\n<\/div><div class=\"fusion-text fusion-text-4\"><div class=\"table-2\">\n<table width=\"100%\">\n<tbody>\n<tr>\n<td style=\"text-align: left;\">Mo.MI.Do.<\/td>\n<td style=\"text-align: right;\">14:00 &#8211; 19:00<\/td>\n<\/tr>\n<tr>\n<td style=\"text-align: left;\">Fr.<\/td>\n<td style=\"text-align: right;\">11:00 &#8211; 16:00<\/td>\n<\/tr>\n<\/tbody>\n<\/table>\n<\/div>\n<\/div><div class=\"fusion-sep-clear\"><\/div><div class=\"fusion-separator fusion-full-width-sep\" style=\"margin-left: auto;margin-right: auto;margin-top:20px;width:100%;\"><\/div><div class=\"fusion-sep-clear\"><\/div><div class=\"fusion-text fusion-text-5\"><h4 style=\"font-weight: 400; text-align: left;\"><i class=\"fa fa-phone\"><\/i> \u00a0\u00a00202 87 02 14 58<\/h4>\n<\/div><div class=\"fusion-clearfix\"><\/div><\/div><\/div><\/div><\/div>\n","protected":false},"excerpt":{"rendered":"","protected":false},"author":1,"featured_media":0,"parent":9,"menu_order":0,"comment_status":"closed","ping_status":"closed","template":"","meta":{"footnotes":""},"_links":{"self":[{"href":"http:\/\/www.physiovitalamzoo.de\/index.php?rest_route=\/wp\/v2\/pages\/1177"}],"collection":[{"href":"http:\/\/www.physiovitalamzoo.de\/index.php?rest_route=\/wp\/v2\/pages"}],"about":[{"href":"http:\/\/www.physiovitalamzoo.de\/index.php?rest_route=\/wp\/v2\/types\/page"}],"author":[{"embeddable":true,"href":"http:\/\/www.physiovitalamzoo.de\/index.php?rest_route=\/wp\/v2\/users\/1"}],"replies":[{"embeddable":true,"href":"http:\/\/www.physiovitalamzoo.de\/index.php?rest_route=%2Fwp%2Fv2%2Fcomments&post=1177"}],"version-history":[{"count":8,"href":"http:\/\/www.physiovitalamzoo.de\/index.php?rest_route=\/wp\/v2\/pages\/1177\/revisions"}],"predecessor-version":[{"id":1739,"href":"http:\/\/www.physiovitalamzoo.de\/index.php?rest_route=\/wp\/v2\/pages\/1177\/revisions\/1739"}],"up":[{"embeddable":true,"href":"http:\/\/www.physiovitalamzoo.de\/index.php?rest_route=\/wp\/v2\/pages\/9"}],"wp:attachment":[{"href":"http:\/\/www.physiovitalamzoo.de\/index.php?rest_route=%2Fwp%2Fv2%2Fmedia&parent=1177"}],"curies":[{"name":"wp","href":"https:\/\/api.w.org\/{rel}","templated":true}]}}